{"id":229,"date":"2026-04-10T07:03:14","date_gmt":"2026-04-10T07:03:14","guid":{"rendered":"https:\/\/autogeier.at\/?page_id=229"},"modified":"2026-04-10T10:51:15","modified_gmt":"2026-04-10T10:51:15","slug":"datenschutz","status":"publish","type":"page","link":"https:\/\/autogeier.at\/?page_id=229","title":{"rendered":"Datenschutz"},"content":{"rendered":"<style>.elementor-229 .elementor-element.elementor-element-f144c2f{--display:flex;--flex-direction:column;--container-widget-width:100%;--container-widget-height:initial;--container-widget-flex-grow:0;--container-widget-align-self:initial;--flex-wrap-mobile:wrap;--margin-top:156px;--margin-bottom:0px;--margin-left:0px;--margin-right:0px;}.elementor-229 .elementor-element.elementor-element-f144c2f:not(.elementor-motion-effects-element-type-background), .elementor-229 .elementor-element.elementor-element-f144c2f > .elementor-motion-effects-container > .elementor-motion-effects-layer{background-color:var( --e-global-color-secondary );}.elementor-229 .elementor-element.elementor-element-0e3a92e .elementor-heading-title{color:var( --e-global-color-e510dc1 );}.elementor-229 .elementor-element.elementor-element-0e3a92e{margin:27px 0px calc(var(--kit-widget-spacing, 0px) + 27px) 0px;}.elementor-229 .elementor-element.elementor-element-c4c0325{--display:flex;}<\/style>\t\t<div data-elementor-type=\"wp-page\" data-elementor-id=\"229\" class=\"elementor elementor-229\" data-elementor-post-type=\"page\">\n\t\t\t\t<div class=\"elementor-element elementor-element-f144c2f e-flex e-con-boxed e-con e-parent\" data-id=\"f144c2f\" data-element_type=\"container\" data-e-type=\"container\" data-settings=\"{&quot;background_background&quot;:&quot;classic&quot;}\">\n\t\t\t\t\t<div class=\"e-con-inner\">\n\t\t\t\t<div class=\"elementor-element elementor-element-0e3a92e elementor-widget elementor-widget-heading\" data-id=\"0e3a92e\" data-element_type=\"widget\" data-e-type=\"widget\" data-widget_type=\"heading.default\">\n\t\t\t\t\t<h1 class=\"elementor-heading-title elementor-size-default\">Datenschutzerkl\u00e4rung<\/h1>\t\t\t\t<\/div>\n\t\t\t\t\t<\/div>\n\t\t\t\t<\/div>\n\t\t<div class=\"elementor-element elementor-element-c4c0325 e-flex e-con-boxed e-con e-parent\" data-id=\"c4c0325\" data-element_type=\"container\" data-e-type=\"container\">\n\t\t\t\t\t<div class=\"e-con-inner\">\n\t\t\t\t<div class=\"elementor-element elementor-element-11bfaa1 elementor-widget elementor-widget-text-editor\" data-id=\"11bfaa1\" data-element_type=\"widget\" data-e-type=\"widget\" data-widget_type=\"text-editor.default\">\n\t\t\t\t\t\t\t\t\t<p><strong>Datenschutzerkl\u00e4rung<\/strong><\/p><p>Der Schutz Ihrer pers\u00f6nlichen Daten ist uns ein besonderes Anliegen. Wir verarbeiten Ihre Daten daher ausschlie\u00dflich auf Grundlage der gesetzlichen Bestimmungen (DSGVO, TKG 2021).<\/p><hr \/><h3><strong>1. Verantwortlicher<\/strong><\/h3><p>Auto Geier<br \/>Georg ReisenbichlerFurt 48<br \/>8982 Tauplitz<br \/>\u00d6sterreich<\/p><p>Telefon: 03688 2427<br \/>E-Mail: info@autogeier.at<\/p><hr \/><h3><strong>2. Kontakt mit uns<\/strong><\/h3><p>Wenn Sie per Formular auf der Website oder per E-Mail Kontakt mit uns aufnehmen, werden Ihre angegebenen Daten zwecks Bearbeitung der Anfrage und f\u00fcr den Fall von Anschlussfragen bei uns gespeichert.<\/p><p>Diese Daten geben wir nicht ohne Ihre Einwilligung weiter.<\/p><hr \/><h3><strong>3. Server-Logfiles<\/strong><\/h3><p>Der Provider der Seiten erhebt und speichert automatisch Informationen in sogenannten Server-Logfiles, die Ihr Browser automatisch \u00fcbermittelt.<\/p><p>Dies sind insbesondere:<\/p><ul><li><p>IP-Adresse<\/p><\/li><li><p>Browsertyp und Browserversion<\/p><\/li><li><p>verwendetes Betriebssystem<\/p><\/li><li><p>Referrer URL<\/p><\/li><li><p>Uhrzeit der Serveranfrage<\/p><\/li><\/ul><p>Diese Daten sind nicht bestimmten Personen zuordenbar und werden nicht mit anderen Datenquellen zusammengef\u00fchrt.<\/p><hr \/><h3><strong>4. Cookies<\/strong><\/h3><p>Unsere Website verwendet keine Cookies, die einer Einwilligung bed\u00fcrfen.<\/p><hr \/><h3><strong>5. Einbindung von Google Maps<\/strong><\/h3><p>Diese Website nutzt Google Maps zur Darstellung von Karteninformationen (Einbindung \u00fcber iFrame).<\/p><p>Beim Aufruf der Seite mit der eingebetteten Karte wird eine Verbindung zu den Servern von Google hergestellt. Dabei k\u00f6nnen personenbezogene Daten, insbesondere Ihre IP-Adresse, an Google \u00fcbertragen werden.<\/p><p>Die Datenverarbeitung erfolgt auf Grundlage unseres berechtigten Interesses gem\u00e4\u00df Art. 6 Abs. 1 lit. f DSGVO (leichte Auffindbarkeit unseres Standorts).<\/p><p>Weitere Informationen finden Sie in der Datenschutzerkl\u00e4rung von Google:<br \/><a href=\"https:\/\/policies.google.com\/privacy\">https:\/\/policies.google.com\/privacy<\/a><\/p><hr \/><h3><strong>6. Ihre Rechte<\/strong><\/h3><p>Ihnen stehen grunds\u00e4tzlich die Rechte auf:<\/p><ul><li><p>Auskunft<\/p><\/li><li><p>Berichtigung<\/p><\/li><li><p>L\u00f6schung<\/p><\/li><li><p>Einschr\u00e4nkung<\/p><\/li><li><p>Daten\u00fcbertragbarkeit<\/p><\/li><li><p>Widerruf und Widerspruch<\/p><\/li><\/ul><p>zu.<\/p><p>Wenn Sie glauben, dass die Verarbeitung Ihrer Daten gegen das Datenschutzrecht verst\u00f6\u00dft oder Ihre datenschutzrechtlichen Anspr\u00fcche sonst in einer Weise verletzt worden sind, k\u00f6nnen Sie sich bei der Aufsichtsbeh\u00f6rde beschweren.<\/p><hr \/><h3><strong>7. Kontakt zur Datenschutzbeh\u00f6rde<\/strong><\/h3><p>\u00d6sterreichische Datenschutzbeh\u00f6rde<br \/>Barichgasse 40\u201342<br \/>1030 Wien<br \/><a href=\"https:\/\/www.dsb.gv.at\/\">https:\/\/www.dsb.gv.at\/<\/a><\/p>\t\t\t\t\t\t\t\t<\/div>\n\t\t\t\t\t<\/div>\n\t\t\t\t<\/div>\n\t\t\t\t<\/div>\n\t\t","protected":false},"excerpt":{"rendered":"<p>Datenschutzerkl\u00e4rung Datenschutzerkl\u00e4rung Der Schutz Ihrer pers\u00f6nlichen Daten ist uns ein besonderes Anliegen. Wir verarbeiten Ihre Daten daher ausschlie\u00dflich auf Grundlage der gesetzlichen Bestimmungen (DSGVO, TKG 2021). 1. Verantwortlicher Auto GeierGeorg ReisenbichlerFurt 488982 Tauplitz\u00d6sterreich Telefon: 03688 2427E-Mail: info@autogeier.at 2. Kontakt mit uns Wenn Sie per Formular auf der Website oder per E-Mail Kontakt mit uns aufnehmen, [&hellip;]<\/p>\n","protected":false},"author":1,"featured_media":0,"parent":0,"menu_order":0,"comment_status":"closed","ping_status":"closed","template":"","meta":{"footnotes":""},"class_list":["post-229","page","type-page","status-publish","hentry"],"_links":{"self":[{"href":"https:\/\/autogeier.at\/index.php?rest_route=\/wp\/v2\/pages\/229","targetHints":{"allow":["GET"]}}],"collection":[{"href":"https:\/\/autogeier.at\/index.php?rest_route=\/wp\/v2\/pages"}],"about":[{"href":"https:\/\/autogeier.at\/index.php?rest_route=\/wp\/v2\/types\/page"}],"author":[{"embeddable":true,"href":"https:\/\/autogeier.at\/index.php?rest_route=\/wp\/v2\/users\/1"}],"replies":[{"embeddable":true,"href":"https:\/\/autogeier.at\/index.php?rest_route=%2Fwp%2Fv2%2Fcomments&post=229"}],"version-history":[{"count":13,"href":"https:\/\/autogeier.at\/index.php?rest_route=\/wp\/v2\/pages\/229\/revisions"}],"predecessor-version":[{"id":307,"href":"https:\/\/autogeier.at\/index.php?rest_route=\/wp\/v2\/pages\/229\/revisions\/307"}],"wp:attachment":[{"href":"https:\/\/autogeier.at\/index.php?rest_route=%2Fwp%2Fv2%2Fmedia&parent=229"}],"curies":[{"name":"wp","href":"https:\/\/api.w.org\/{rel}","templated":true}]}}